{"id":40,"date":"2020-08-18T06:33:24","date_gmt":"2020-08-18T06:33:24","guid":{"rendered":"http:\/\/mt111.jp\/startup\/?page_id=19"},"modified":"2025-05-11T21:07:19","modified_gmt":"2025-05-11T12:07:19","slug":"contact","status":"publish","type":"page","link":"https:\/\/zius-sample.speever.jp\/LC-13\/contact\/","title":{"rendered":"\u304a\u554f\u3044\u5408\u308f\u305b"},"content":{"rendered":"\n<p>\u5f0a\u793e\u306b\u8208\u5473\u3092\u304a\u6301\u3061\u3044\u305f\u3060\u304d\u3042\u308a\u304c\u3068\u3046\u3054\u3056\u3044\u307e\u3059\u3002<br>\u304a\u554f\u3044\u5408\u308f\u305b\u3044\u305f\u3060\u304d\u307e\u3057\u305f\u5185\u5bb9\u306f\u3001\u304a\u5ba2\u69d8\u306e\u540c\u610f\u306a\u304f\u7b2c\u4e09\u8005\u306b\u958b\u793a\u30fb\u63d0\u4f9b\u3059\u308b\u3053\u3068\u306f\u3054\u3056\u3044\u307e\u305b\u3093\u3002<\/p>\n\n\n\n<div class=\"wp-block-contact-form-7-contact-form-selector\">\n<div class=\"wpcf7 no-js\" id=\"wpcf7-f2081-o1\" lang=\"ja\" dir=\"ltr\" data-wpcf7-id=\"2081\">\n<div class=\"screen-reader-response\"><p role=\"status\" aria-live=\"polite\" aria-atomic=\"true\"><\/p> <ul><\/ul><\/div>\n<form action=\"\/LC-13\/wp-json\/wp\/v2\/pages\/40#wpcf7-f2081-o1\" method=\"post\" class=\"wpcf7-form init\" aria-label=\"\u30b3\u30f3\u30bf\u30af\u30c8\u30d5\u30a9\u30fc\u30e0\" novalidate=\"novalidate\" data-status=\"init\">\n<div style=\"display: none;\">\n<input type=\"hidden\" name=\"_wpcf7\" value=\"2081\" \/>\n<input type=\"hidden\" name=\"_wpcf7_version\" value=\"6.0.6\" \/>\n<input type=\"hidden\" name=\"_wpcf7_locale\" value=\"ja\" \/>\n<input type=\"hidden\" name=\"_wpcf7_unit_tag\" value=\"wpcf7-f2081-o1\" \/>\n<input type=\"hidden\" name=\"_wpcf7_container_post\" value=\"0\" \/>\n<input type=\"hidden\" name=\"_wpcf7_posted_data_hash\" value=\"\" \/>\n<\/div>\n<table class=\"CF7_table\">\n\t<tr>\n\t\t<th>\n\t\t\t<p><span class=\"CF7_req\">\u5fc5\u9808<\/span> \u3054\u76f8\u8ac7\u5185\u5bb9\n\t\t\t<\/p>\n\t\t<\/th>\n\t\t<td>\n\t\t\t<p><span class=\"wpcf7-form-control-wrap\" data-name=\"checkbox-inq\"><span class=\"wpcf7-form-control wpcf7-checkbox wpcf7-validates-as-required\"><span class=\"wpcf7-list-item first\"><input type=\"checkbox\" name=\"checkbox-inq[]\" value=\"\u88fd\u54c1\u306b\u95a2\u3059\u308b\u304a\u554f\u3044\u5408\u308f\u305b\" \/><span class=\"wpcf7-list-item-label\">\u88fd\u54c1\u306b\u95a2\u3059\u308b\u304a\u554f\u3044\u5408\u308f\u305b<\/span><\/span><span class=\"wpcf7-list-item\"><input type=\"checkbox\" name=\"checkbox-inq[]\" value=\"OEM\u30fb\u7279\u6ce8\u90e8\u54c1\u306e\u3054\u76f8\u8ac7\" \/><span class=\"wpcf7-list-item-label\">OEM\u30fb\u7279\u6ce8\u90e8\u54c1\u306e\u3054\u76f8\u8ac7<\/span><\/span><span class=\"wpcf7-list-item\"><input type=\"checkbox\" name=\"checkbox-inq[]\" value=\"\u4fee\u7406\u30fb\u30e1\u30f3\u30c6\u30ca\u30f3\u30b9\u306e\u3054\u4f9d\u983c\" \/><span class=\"wpcf7-list-item-label\">\u4fee\u7406\u30fb\u30e1\u30f3\u30c6\u30ca\u30f3\u30b9\u306e\u3054\u4f9d\u983c<\/span><\/span><span class=\"wpcf7-list-item\"><input type=\"checkbox\" name=\"checkbox-inq[]\" value=\"\u4ea4\u63db\u30fb\u30ea\u30d7\u30ec\u30fc\u30b9\u90e8\u54c1\u306e\u3054\u76f8\u8ac7\" \/><span class=\"wpcf7-list-item-label\">\u4ea4\u63db\u30fb\u30ea\u30d7\u30ec\u30fc\u30b9\u90e8\u54c1\u306e\u3054\u76f8\u8ac7<\/span><\/span><span class=\"wpcf7-list-item\"><input type=\"checkbox\" name=\"checkbox-inq[]\" value=\"\u6280\u8853\u7684\u306a\u8cea\u554f\u30fb\u30b5\u30dd\u30fc\u30c8\u4f9d\u983c\u306e\u3054\u76f8\u8ac7\" \/><span class=\"wpcf7-list-item-label\">\u6280\u8853\u7684\u306a\u8cea\u554f\u30fb\u30b5\u30dd\u30fc\u30c8\u4f9d\u983c\u306e\u3054\u76f8\u8ac7<\/span><\/span><span class=\"wpcf7-list-item\"><input type=\"checkbox\" name=\"checkbox-inq[]\" value=\"\u56f3\u9762\u30fb\u4ed5\u69d8\u66f8\u306a\u3069\u306e\u9001\u4ed8\u5e0c\u671b\" \/><span class=\"wpcf7-list-item-label\">\u56f3\u9762\u30fb\u4ed5\u69d8\u66f8\u306a\u3069\u306e\u9001\u4ed8\u5e0c\u671b<\/span><\/span><span class=\"wpcf7-list-item\"><input type=\"checkbox\" name=\"checkbox-inq[]\" value=\"\u898b\u7a4d\u4f9d\u983c\" \/><span class=\"wpcf7-list-item-label\">\u898b\u7a4d\u4f9d\u983c<\/span><\/span><span class=\"wpcf7-list-item last\"><input type=\"checkbox\" name=\"checkbox-inq[]\" value=\"\u305d\u306e\u4ed6\u306e\u304a\u554f\u3044\u5408\u308f\u305b\" \/><span class=\"wpcf7-list-item-label\">\u305d\u306e\u4ed6\u306e\u304a\u554f\u3044\u5408\u308f\u305b<\/span><\/span><\/span><\/span>\n\t\t\t<\/p>\n\t\t<\/td>\n\t<\/tr>\n\t<tr>\n\t\t<th>\n\t\t\t<p><span class=\"CF7_unreq\">\u4efb\u610f<\/span><label for=\"ship_type\">\u8239\u7a2e<\/label>\n\t\t\t<\/p>\n\t\t<\/th>\n\t\t<td>\n\t\t\t<p><select id=\"ship_type\" name=\"ship_type\">\n<option value=\"\">\u9078\u629e\u3057\u3066\u304f\u3060\u3055\u3044<\/option>\n<option value=\"cargo\">\u8ca8\u7269\u8239<\/option>\n<option value=\"tanker\">\u30bf\u30f3\u30ab\u30fc<\/option>\n<option value=\"fishing\">\u6f01\u8239<\/option>\n<option value=\"navy\">\u8ecd\u7528\u8266<\/option>\n<option value=\"other\">\u305d\u306e\u4ed6<\/option><\/select>\n\t\t\t<\/p>\n\t\t<\/td>\n\t<\/tr>\n\t<tr>\n\t\t<th>\n\t\t\t<p><span class=\"CF7_req\">\u5fc5\u9808<\/span>\u7dca\u6025\u5ea6\n\t\t\t<\/p>\n\t\t<\/th>\n\t\t<td>\n\t\t\t<p><input type=\"radio\" id=\"normal\" name=\"urgency\" value=\"normal\" checked \/><label for=\"normal\">\u901a\u5e38<\/label><br \/>\n<input type=\"radio\" id=\"urgent\" name=\"urgency\" value=\"urgent\" \/><label for=\"urgent\">\u81f3\u6025<\/label>\n\t\t\t<\/p>\n\t\t<\/td>\n\t<\/tr>\n\t<tr>\n\t\t<th>\n\t\t\t<p><span class=\"CF7_unreq\">\u4efb\u610f<\/span><label for=\"attachment\">\u30d5\u30a1\u30a4\u30eb\u6dfb\u4ed8<br \/>\n\uff08\u56f3\u9762\u30fb\u5199\u771f\u306a\u3069\uff09<\/label>\n\t\t\t<\/p>\n\t\t<\/th>\n\t\t<td>\n\t\t\t<p><input type=\"file\" id=\"attachment\" name=\"attachment\" \/>\n\t\t\t<\/p>\n\t\t<\/td>\n\t<\/tr>\n\t<tr>\n\t\t<th>\n\t\t\t<p><span class=\"CF7_req\">\u5fc5\u9808<\/span> \u304a\u540d\u524d\n\t\t\t<\/p>\n\t\t<\/th>\n\t\t<td>\n\t\t\t<p><span class=\"wpcf7-form-control-wrap\" data-name=\"your-name\"><input size=\"40\" maxlength=\"400\" class=\"wpcf7-form-control wpcf7-text wpcf7-validates-as-required\" aria-required=\"true\" aria-invalid=\"false\" placeholder=\"\u4f8b\uff1a\u3042\u306a\u305f\u306e\u304a\u540d\u524d\" value=\"\" type=\"text\" name=\"your-name\" \/><\/span>\n\t\t\t<\/p>\n\t\t<\/td>\n\t<\/tr>\n\t<tr>\n\t\t<th>\n\t\t\t<p><span class=\"CF7_req\">\u5fc5\u9808<\/span> \u30e1\u30fc\u30eb\u30a2\u30c9\u30ec\u30b9\n\t\t\t<\/p>\n\t\t<\/th>\n\t\t<td>\n\t\t\t<p><span class=\"wpcf7-form-control-wrap\" data-name=\"your-email\"><input size=\"40\" maxlength=\"400\" class=\"wpcf7-form-control wpcf7-email wpcf7-validates-as-required wpcf7-text wpcf7-validates-as-email\" aria-required=\"true\" aria-invalid=\"false\" placeholder=\"\u4f8b\uff1a\u00d7\u00d7\u00d7@\u00d7\u00d7\u00d7.com\" value=\"\" type=\"email\" name=\"your-email\" \/><\/span>\n\t\t\t<\/p>\n\t\t<\/td>\n\t<\/tr>\n\t<tr>\n\t\t<th>\n\t\t\t<p><span class=\"CF7_unreq\">\u4efb\u610f<\/span>\u4f1a\u793e\u540d\n\t\t\t<\/p>\n\t\t<\/th>\n\t\t<td>\n\t\t\t<p><span class=\"wpcf7-form-control-wrap\" data-name=\"your-company\"><input size=\"40\" maxlength=\"400\" class=\"wpcf7-form-control wpcf7-text\" aria-invalid=\"false\" placeholder=\"\u4f8b\uff1a\u25ef\u25ef\u682a\u5f0f\u4f1a\u793e\" value=\"\" type=\"text\" name=\"your-company\" \/><\/span>\n\t\t\t<\/p>\n\t\t<\/td>\n\t<\/tr>\n\t<tr>\n\t\t<th>\n\t\t\t<p><span class=\"CF7_req\">\u5fc5\u9808<\/span>\u90f5\u4fbf\u756a\u53f7\n\t\t\t<\/p>\n\t\t<\/th>\n\t\t<td>\n\t\t\t<p><span class=\"wpcf7-form-control-wrap\" data-name=\"zip\"><input size=\"40\" maxlength=\"400\" class=\"wpcf7-form-control wpcf7-text wpcf7-validates-as-required\" id=\"zip\" aria-required=\"true\" aria-invalid=\"false\" placeholder=\"\u4f8b\uff1a123-4567\" value=\"\" type=\"text\" name=\"zip\" \/><\/span>\n\t\t\t<\/p>\n\t\t<\/td>\n\t<\/tr>\n\t<tr>\n\t\t<th>\n\t\t\t<p><span class=\"CF7_req\">\u5fc5\u9808<\/span>\u90fd\u9053\u5e9c\u770c\n\t\t\t<\/p>\n\t\t<\/th>\n\t\t<td>\n\t\t\t<p><span class=\"wpcf7-form-control-wrap\" data-name=\"pref\"><input size=\"40\" maxlength=\"400\" class=\"wpcf7-form-control wpcf7-text wpcf7-validates-as-required\" id=\"pref\" aria-required=\"true\" aria-invalid=\"false\" placeholder=\"\u4f8b\uff1a\u6771\u4eac\u90fd\" value=\"\" type=\"text\" name=\"pref\" \/><\/span>\n\t\t\t<\/p>\n\t\t<\/td>\n\t<\/tr>\n\t<tr>\n\t\t<th>\n\t\t\t<p><span class=\"CF7_req\">\u5fc5\u9808<\/span>\u3054\u4f4f\u6240\n\t\t\t<\/p>\n\t\t<\/th>\n\t\t<td class=\"address-100\">\n\t\t\t<p><span class=\"wpcf7-form-control-wrap\" data-name=\"addr\"><input size=\"40\" maxlength=\"400\" class=\"wpcf7-form-control wpcf7-text wpcf7-validates-as-required\" id=\"addr\" aria-required=\"true\" aria-invalid=\"false\" placeholder=\"\u4f8b\uff1a\u4e2d\u592e\u533a\u9280\u5ea7\uff11\uff12\uff13\uff14\uff15\" value=\"\" type=\"text\" name=\"addr\" \/><\/span>\n\t\t\t<\/p>\n\t\t<\/td>\n\t<\/tr>\n\t<tr>\n\t\t<th>\n\t\t\t<p><span class=\"CF7_req\">\u5fc5\u9808<\/span>\u304a\u96fb\u8a71\u756a\u53f7\n\t\t\t<\/p>\n\t\t<\/th>\n\t\t<td>\n\t\t\t<p><span class=\"wpcf7-form-control-wrap\" data-name=\"your-tel\"><input size=\"40\" maxlength=\"400\" class=\"wpcf7-form-control wpcf7-text wpcf7-validates-as-required\" aria-required=\"true\" aria-invalid=\"false\" placeholder=\"\u4f8b\uff1a03-1234-5678\" value=\"\" type=\"text\" name=\"your-tel\" \/><\/span>\n\t\t\t<\/p>\n\t\t<\/td>\n\t<\/tr>\n\t<tr>\n\t\t<th>\n\t\t\t<p><span class=\"CF7_req\">\u5fc5\u9808<\/span>\u30e1\u30c3\u30bb\u30fc\u30b8\u672c\u6587\n\t\t\t<\/p>\n\t\t<\/th>\n\t\t<td class=\"message-100\">\n\t\t\t<p><span class=\"wpcf7-form-control-wrap\" data-name=\"your-message\"><textarea cols=\"40\" rows=\"10\" maxlength=\"2000\" class=\"wpcf7-form-control wpcf7-textarea wpcf7-validates-as-required\" aria-required=\"true\" aria-invalid=\"false\" placeholder=\"\u304a\u554f\u3044\u5408\u308f\u305b\u5185\u5bb9\u3092\u3054\u8a18\u5165\u304f\u3060\u3055\u3044\" name=\"your-message\"><\/textarea><\/span>\n\t\t\t<\/p>\n\t\t<\/td>\n\t<\/tr>\n<\/table>\n<p><label for=\"kakunin\"><br \/>\n\u78ba\u8a8d\u753b\u9762\u306f\u8868\u793a\u3055\u308c\u307e\u305b\u3093\u3002\u4e0a\u8a18\u5185\u5bb9\u306b\u3066\u9001\u4fe1\u3057\u307e\u3059\u304c\u3088\u308d\u3057\u3044\u3067\u3059\u304b\uff1f <span style=\"color:red;\">\uff08\u5fc5\u9808\uff09<\/span><\/label><br \/>\n<span class=\"wpcf7-form-control-wrap\" data-name=\"kakunin\"><span class=\"wpcf7-form-control wpcf7-checkbox wpcf7-validates-as-required\"><span class=\"wpcf7-list-item first last\"><input type=\"checkbox\" name=\"kakunin[]\" value=\"\u306f\u3044\" \/><span class=\"wpcf7-list-item-label\">\u306f\u3044<\/span><\/span><\/span><\/span>\n<\/p>\n<hr \/>\n<p><input type=\"hidden\" name=\"_wpcf7_captcha_challenge_captcha-1\" value=\"1685882061\" \/><img loading=\"lazy\" decoding=\"async\" class=\"wpcf7-form-control wpcf7-captchac wpcf7-captcha-captcha-1\" width=\"72\" height=\"24\" alt=\"captcha\" src=\"https:\/\/zius-sample.speever.jp\/LC-13\/wp-content\/uploads\/wpcf7_captcha\/1685882061.png\" \/>\n<\/p>\n<p>\u753b\u50cf\u5185\u306b\u8868\u793a\u3055\u308c\u305f\u6587\u5b57\u3092\u5165\u529b\u3057\u3066\u304b\u3089\u9001\u4fe1\u3057\u3066\u304f\u3060\u3055\u3044\u3002\n<\/p>\n<p><span class=\"wpcf7-form-control-wrap\" data-name=\"captcha-1\"><input size=\"40\" class=\"wpcf7-form-control wpcf7-captchar\" autocomplete=\"off\" aria-invalid=\"false\" value=\"\" type=\"text\" name=\"captcha-1\" \/><\/span>\n<\/p>\n<p class=\"center\"><input class=\"wpcf7-form-control wpcf7-submit has-spinner\" type=\"submit\" value=\"\u9001\u4fe1\" \/>\n<\/p>\n<p class=\"CF7_btn\"><input class=\"wpcf7-form-control wpcf7-submit has-spinner\" type=\"submit\" value=\"\u9001\u4fe1\u3059\u308b\" \/>\n<\/p><div class=\"wpcf7-response-output\" aria-hidden=\"true\"><\/div>\n<\/form>\n<\/div>\n<\/div>\n","protected":false},"excerpt":{"rendered":"<p>\u5f0a\u793e\u306b\u8208\u5473\u3092\u304a\u6301\u3061\u3044\u305f\u3060\u304d\u3042\u308a\u304c\u3068\u3046\u3054\u3056\u3044\u307e\u3059\u3002\u304a\u554f\u3044\u5408\u308f\u305b\u3044\u305f\u3060\u304d\u307e\u3057\u305f\u5185\u5bb9\u306f\u3001\u304a\u5ba2\u69d8\u306e\u540c\u610f\u306a\u304f\u7b2c\u4e09\u8005\u306b\u958b\u793a\u30fb\u63d0\u4f9b\u3059\u308b\u3053\u3068\u306f\u3054\u3056\u3044\u307e\u305b\u3093\u3002<\/p>\n","protected":false},"author":1,"featured_media":0,"parent":0,"menu_order":4,"comment_status":"closed","ping_status":"closed","template":"","meta":{"vkexunit_cta_each_option":"","footnotes":""},"class_list":["post-40","page","type-page","status-publish","hentry"],"_links":{"self":[{"href":"https:\/\/zius-sample.speever.jp\/LC-13\/wp-json\/wp\/v2\/pages\/40","targetHints":{"allow":["GET"]}}],"collection":[{"href":"https:\/\/zius-sample.speever.jp\/LC-13\/wp-json\/wp\/v2\/pages"}],"about":[{"href":"https:\/\/zius-sample.speever.jp\/LC-13\/wp-json\/wp\/v2\/types\/page"}],"author":[{"embeddable":true,"href":"https:\/\/zius-sample.speever.jp\/LC-13\/wp-json\/wp\/v2\/users\/1"}],"replies":[{"embeddable":true,"href":"https:\/\/zius-sample.speever.jp\/LC-13\/wp-json\/wp\/v2\/comments?post=40"}],"version-history":[{"count":4,"href":"https:\/\/zius-sample.speever.jp\/LC-13\/wp-json\/wp\/v2\/pages\/40\/revisions"}],"predecessor-version":[{"id":2158,"href":"https:\/\/zius-sample.speever.jp\/LC-13\/wp-json\/wp\/v2\/pages\/40\/revisions\/2158"}],"wp:attachment":[{"href":"https:\/\/zius-sample.speever.jp\/LC-13\/wp-json\/wp\/v2\/media?parent=40"}],"curies":[{"name":"wp","href":"https:\/\/api.w.org\/{rel}","templated":true}]}}